{"id":4796,"date":"2024-08-18T00:27:11","date_gmt":"2024-08-18T00:27:11","guid":{"rendered":"http:\/\/www.ltsrent.pl\/?page_id=4796"},"modified":"2024-08-25T19:37:05","modified_gmt":"2024-08-25T19:37:05","slug":"wspolpraca","status":"publish","type":"page","link":"http:\/\/www.ltsrent.pl\/index.php\/wspolpraca\/","title":{"rendered":"WSP\u00d3\u0141PRACA"},"content":{"rendered":"\n<h2 class=\"wp-block-heading has-white-color has-text-color has-link-color wp-elements-b0b21fd31520e24e2b66cca583196410\">NAG\u0141\u00d3WEK<\/h2>\n\n\n\n<div class=\"wp-block-group is-layout-constrained wp-container-core-group-is-layout-bd8428a8 wp-block-group-is-layout-constrained\" style=\"padding-bottom:100px\">\n<div class=\"wp-block-columns is-layout-flex wp-container-core-columns-is-layout-28f84493 wp-block-columns-is-layout-flex\">\n<div class=\"wp-block-column is-layout-flow wp-block-column-is-layout-flow\">\n<h2 class=\"wp-block-heading intrace-animate intrace-move-right intrace-delay-1 is-style-lineseparator has-intrace-accent-color has-text-color has-heading-5-font-size\" style=\"font-style:normal;font-weight:600;letter-spacing:1px;text-transform:uppercase\">KOMPLEKSOWA OBS\u0141UGA NAJMU<\/h2>\n\n\n\n<h2 class=\"wp-block-heading intrace-animate intrace-move-right intrace-delay-3 has-intrace-primary-color has-text-color has-heading-2-font-size\" style=\"font-style:normal;font-weight:600;letter-spacing:1px;line-height:1;text-transform:uppercase\"><\/h2>\n\n\n\n<div class=\"wp-block-columns is-layout-flex wp-container-core-columns-is-layout-da8b552d wp-block-columns-is-layout-flex\" style=\"padding-top:10px;padding-right:80px\">\n<div class=\"wp-block-column is-layout-flow wp-block-column-is-layout-flow\" style=\"flex-basis:100%\">\n<p class=\"intrace-animate intrace-move-right intrace-delay-5 has-text-color has-heading-6-font-size\" style=\"color:#052a5e;font-style:normal;font-weight:400\">Jako firma LTS Rent Group przede wszystkim chcemy si\u0119 skupi\u0107&nbsp; by Go\u015bcie poczuli si\u0119 wyj\u0105tkowo, komfortowo oraz ekskluzywnie. LTS Rent to pe\u0142na obs\u0142uga w zakresie marketingu, wynajmu, obs\u0142ugi technicznej, sprz\u0105tania oraz administracji. Tobie pozostaje czerpanie korzy\u015bci i zysk\u00f3w. Stawiamy na jasne i przejrzyste&nbsp;zasady wsp\u00f3\u0142pracy, w kt\u00f3rej wszystkim zajmujemy si\u0119 za Ciebie.<\/p>\n<\/div>\n<\/div>\n\n\n\n<div class=\"wp-block-columns is-layout-flex wp-container-core-columns-is-layout-28f84493 wp-block-columns-is-layout-flex\">\n<div class=\"wp-block-column is-layout-flow wp-block-column-is-layout-flow\" style=\"flex-basis:100%\">\n<div class=\"wp-block-columns is-layout-flex wp-container-core-columns-is-layout-28f84493 wp-block-columns-is-layout-flex\">\n<div class=\"wp-block-column is-layout-flow wp-block-column-is-layout-flow\" style=\"flex-basis:100%\">\n<div class=\"wp-block-buttons intrace-animate intrace-move-right intrace-delay-7 is-layout-flex wp-block-buttons-is-layout-flex\">\n<div class=\"wp-block-button has-custom-font-size is-style-custombuttonborder has-tiny-font-size\"><a class=\"wp-block-button__link has-text-color has-link-color has-border-color wp-element-button\" href=\"http:\/\/www.ltsrent.pl\/index.php\/kontakt\/\" style=\"border-color:#b68b45;color:#b68b45;padding-top:5px;padding-right:20px;padding-bottom:5px;padding-left:20px\">Zapraszamy do kontaktu&#8230;<\/a><\/div>\n<\/div>\n<\/div>\n<\/div>\n<\/div>\n<\/div>\n<\/div>\n\n\n\n<div class=\"wp-block-column is-layout-flow wp-block-column-is-layout-flow\">\n<figure class=\"wp-block-image size-large is-resized intrace-animate intrace-move-left intrace-delay-7\"><img fetchpriority=\"high\" decoding=\"async\" width=\"1024\" height=\"684\" src=\"http:\/\/www.ltsrent.pl\/wp-content\/uploads\/2022\/11\/hero-slider-3-2-1024x684.jpg\" alt=\"\" class=\"wp-image-4032\" style=\"width:560px;height:450px\" srcset=\"http:\/\/www.ltsrent.pl\/wp-content\/uploads\/2022\/11\/hero-slider-3-2-1024x684.jpg 1024w, http:\/\/www.ltsrent.pl\/wp-content\/uploads\/2022\/11\/hero-slider-3-2-300x200.jpg 300w, http:\/\/www.ltsrent.pl\/wp-content\/uploads\/2022\/11\/hero-slider-3-2-768x513.jpg 768w, http:\/\/www.ltsrent.pl\/wp-content\/uploads\/2022\/11\/hero-slider-3-2-1536x1026.jpg 1536w, http:\/\/www.ltsrent.pl\/wp-content\/uploads\/2022\/11\/hero-slider-3-2-600x401.jpg 600w, http:\/\/www.ltsrent.pl\/wp-content\/uploads\/2022\/11\/hero-slider-3-2.jpg 1920w\" sizes=\"(max-width: 1024px) 100vw, 1024px\" \/><\/figure>\n<\/div>\n<\/div>\n<\/div>\n\n\n\n<hr class=\"wp-block-separator has-alpha-channel-opacity is-style-wide\" style=\"margin-top:0;margin-bottom:0\"\/>\n","protected":false},"excerpt":{"rendered":"<p>NAG\u0141\u00d3WEK KOMPLEKSOWA OBS\u0141UGA NAJMU Jako firma LTS Rent Group przede wszystkim chcemy si\u0119 skupi\u0107&nbsp; by Go\u015bcie poczuli si\u0119 wyj\u0105tkowo, komfortowo oraz ekskluzywnie. LTS Rent to pe\u0142na obs\u0142uga w zakresie marketingu, wynajmu, obs\u0142ugi technicznej, sprz\u0105tania oraz administracji. Tobie pozostaje czerpanie korzy\u015bci i zysk\u00f3w. Stawiamy na jasne i przejrzyste&nbsp;zasady wsp\u00f3\u0142pracy, w kt\u00f3rej wszystkim zajmujemy si\u0119 za Ciebie.<\/p>\n","protected":false},"author":1,"featured_media":0,"parent":0,"menu_order":0,"comment_status":"closed","ping_status":"closed","template":"","meta":{"footnotes":""},"class_list":["post-4796","page","type-page","status-publish","hentry"],"_links":{"self":[{"href":"http:\/\/www.ltsrent.pl\/index.php\/wp-json\/wp\/v2\/pages\/4796","targetHints":{"allow":["GET"]}}],"collection":[{"href":"http:\/\/www.ltsrent.pl\/index.php\/wp-json\/wp\/v2\/pages"}],"about":[{"href":"http:\/\/www.ltsrent.pl\/index.php\/wp-json\/wp\/v2\/types\/page"}],"author":[{"embeddable":true,"href":"http:\/\/www.ltsrent.pl\/index.php\/wp-json\/wp\/v2\/users\/1"}],"replies":[{"embeddable":true,"href":"http:\/\/www.ltsrent.pl\/index.php\/wp-json\/wp\/v2\/comments?post=4796"}],"version-history":[{"count":18,"href":"http:\/\/www.ltsrent.pl\/index.php\/wp-json\/wp\/v2\/pages\/4796\/revisions"}],"predecessor-version":[{"id":5210,"href":"http:\/\/www.ltsrent.pl\/index.php\/wp-json\/wp\/v2\/pages\/4796\/revisions\/5210"}],"wp:attachment":[{"href":"http:\/\/www.ltsrent.pl\/index.php\/wp-json\/wp\/v2\/media?parent=4796"}],"curies":[{"name":"wp","href":"https:\/\/api.w.org\/{rel}","templated":true}]}}