{"id":5682,"date":"2024-11-22T07:38:32","date_gmt":"2024-11-22T07:38:32","guid":{"rendered":"https:\/\/www.ltsrent.pl\/?page_id=5682"},"modified":"2024-11-22T23:27:59","modified_gmt":"2024-11-22T23:27:59","slug":"luxury-comfortable-residenceapartament-ul-lakowa-60c-132","status":"publish","type":"page","link":"https:\/\/www.ltsrent.pl\/index.php\/luxury-comfortable-residenceapartament-ul-lakowa-60c-132\/","title":{"rendered":"Luxury &#038; Comfortable ResidenceApartament ul. \u0141\u0105kowa 60C\/132"},"content":{"rendered":"\n<div style=\"height:100px\" aria-hidden=\"true\" class=\"wp-block-spacer\"><\/div>\n\n\n\n<div class=\"wp-block-columns is-layout-flex wp-container-core-columns-is-layout-28f84493 wp-block-columns-is-layout-flex\">\n<div class=\"wp-block-column is-layout-flow wp-block-column-is-layout-flow\">\n<div class=\"wp-block-columns is-layout-flex wp-container-core-columns-is-layout-28f84493 wp-block-columns-is-layout-flex\">\n<div class=\"wp-block-column is-layout-flow wp-block-column-is-layout-flow\" style=\"padding-right:var(--wp--preset--spacing--30);padding-left:var(--wp--preset--spacing--30)\">\n<div class=\"wp-block-group is-layout-constrained wp-container-core-group-is-layout-7db9d80f wp-block-group-is-layout-constrained\" style=\"padding-right:0;padding-left:0\">\n<div class=\"wp-block-group is-layout-constrained wp-block-group-is-layout-constrained\">\n<div class=\"wp-block-group is-layout-constrained wp-block-group-is-layout-constrained\">\n<div class=\"wp-block-columns is-layout-flex wp-container-core-columns-is-layout-28f84493 wp-block-columns-is-layout-flex\">\n<div class=\"wp-block-column is-layout-flow wp-block-column-is-layout-flow\">\n<div class=\"wp-block-group is-layout-constrained wp-container-core-group-is-layout-ff778368 wp-block-group-is-layout-constrained\" style=\"padding-right:var(--wp--preset--spacing--30);padding-left:var(--wp--preset--spacing--30)\">\n<div class=\"wp-block-group is-layout-constrained wp-block-group-is-layout-constrained\">\n<h2 class=\"wp-block-heading has-text-color has-link-color wp-elements-8e7727ba6ecd26eb035fe280a51f1e0b\" style=\"color:#033b61;font-size:28px\"><strong>Obiekt znajduje si\u0119 w centrum Gda\u0144ska przy samej Star\u00f3wce<\/strong><\/h2>\n\n\n\n<div style=\"height:30px\" aria-hidden=\"true\" class=\"wp-block-spacer\"><\/div>\n\n\n\n<p class=\"has-text-color has-link-color wp-elements-8f2b5a47b888a9fd4247b14ff03c578a\" style=\"color:#033b61;font-size:19px\"><em>\u25ca&nbsp; &nbsp;<\/em>Skierowany dla par oraz grupy do 4 os\u00f3b.<\/p>\n\n\n\n<p class=\"has-text-color has-link-color wp-elements-037a22a2117e5a10b84e38b1907902a3\" style=\"color:#033b61;font-size:19px\"><em>\u25ca&nbsp; &nbsp;<\/em>Prywatny podziemny parking.<\/p>\n\n\n\n<p class=\"has-text-color has-link-color wp-elements-2da3546d85829eb66e862305c85646e9\" style=\"color:#033b61;font-size:19px\"><em>\u25ca&nbsp; &nbsp;<\/em>Sypialnia oraz salon z rozk\u0142adan\u0105 sof\u0105.<\/p>\n\n\n\n<p class=\"has-text-color has-link-color wp-elements-205a5e42746d28763f365ec73ba47e39\" style=\"color:#033b61;font-size:19px\"><em>\u25ca&nbsp; &nbsp;<\/em>Klimatyzacja.<\/p>\n\n\n\n<p class=\"has-text-color has-link-color wp-elements-8560b99be682ff29a3e6c1be69d87764\" style=\"color:#033b61;font-size:19px\"><em>\u25ca&nbsp; &nbsp;<\/em>R\u0119czniki oraz kosmetyki do u\u017cytku przez Go\u015bci.<\/p>\n\n\n\n<p class=\"has-text-color has-link-color wp-elements-311e7df8b0ddd7438509db5482300b2f\" style=\"color:#033b61;font-size:19px\"><em>\u25ca&nbsp; &nbsp;<\/em>Kawa, herbata, woda.<\/p>\n\n\n\n<p class=\"has-text-color has-link-color wp-elements-4d3acd4ad1832784878d3db70d11873f\" style=\"color:#033b61;font-size:19px\"><em>\u25ca&nbsp; &nbsp;<\/em>Aneks kuchenny wraz z ca\u0142ym wyposa\u017ceniem w tym ekspres do kawy, czajnik, toster.<em>\u25ca&nbsp; &nbsp;<\/em>Wiele atrakcji w pobli\u017cu: Fontanna Neptuna, Centralne Muzeum Morskie, Brama Zielona, D\u0142ugie Pobrze\u017ce, Polska Filharmonia Ba\u0142tycka.Pragniemy by Nasi Go\u015bcie czuli si\u0119 wyj\u0105tkowo. Zadbamy o Tw\u00f3j niezapomniany wypoczynek, zapraszamy do skorzystania z us\u0142ug.<\/p>\n<\/div>\n<\/div>\n<\/div>\n<\/div>\n<\/div>\n<\/div>\n<\/div>\n<\/div>\n<\/div>\n<\/div>\n<\/div>\n\n\n\n<div style=\"height:100px\" aria-hidden=\"true\" class=\"wp-block-spacer\"><\/div>\n\n\n\n<figure class=\"wp-block-gallery has-nested-images columns-4 is-cropped wp-block-gallery-1 is-layout-flex wp-block-gallery-is-layout-flex\">\n<figure class=\"wp-block-image size-large\"><a href=\"https:\/\/www.ltsrent.pl\/index.php\/luxury-comfortable-residenceapartament-ul-lakowa-60c-132\/454404741_122120419970366562_2288871077345997351_n-4\/\" target=\"_blank\" rel=\"noopener\"><img fetchpriority=\"high\" decoding=\"async\" width=\"768\" height=\"1024\" data-id=\"6043\" src=\"https:\/\/www.ltsrent.pl\/wp-content\/uploads\/2024\/11\/454404741_122120419970366562_2288871077345997351_n-768x1024.jpg\" alt=\"\" class=\"wp-image-6043\" srcset=\"https:\/\/www.ltsrent.pl\/wp-content\/uploads\/2024\/11\/454404741_122120419970366562_2288871077345997351_n-768x1024.jpg 768w, https:\/\/www.ltsrent.pl\/wp-content\/uploads\/2024\/11\/454404741_122120419970366562_2288871077345997351_n-225x300.jpg 225w, https:\/\/www.ltsrent.pl\/wp-content\/uploads\/2024\/11\/454404741_122120419970366562_2288871077345997351_n-1152x1536.jpg 1152w, https:\/\/www.ltsrent.pl\/wp-content\/uploads\/2024\/11\/454404741_122120419970366562_2288871077345997351_n-600x800.jpg 600w, https:\/\/www.ltsrent.pl\/wp-content\/uploads\/2024\/11\/454404741_122120419970366562_2288871077345997351_n.jpg 1536w\" sizes=\"(max-width: 768px) 100vw, 768px\" \/><\/a><\/figure>\n\n\n\n<figure class=\"wp-block-image size-large\"><a href=\"https:\/\/www.ltsrent.pl\/index.php\/luxury-comfortable-residenceapartament-ul-lakowa-60c-132\/454285682_122120420882366562_5810969704579607981_n-2\/\" target=\"_blank\" rel=\"noopener\"><img decoding=\"async\" width=\"768\" height=\"1024\" data-id=\"6045\" src=\"https:\/\/www.ltsrent.pl\/wp-content\/uploads\/2024\/11\/454285682_122120420882366562_5810969704579607981_n-768x1024.jpg\" alt=\"\" class=\"wp-image-6045\" srcset=\"https:\/\/www.ltsrent.pl\/wp-content\/uploads\/2024\/11\/454285682_122120420882366562_5810969704579607981_n-768x1024.jpg 768w, https:\/\/www.ltsrent.pl\/wp-content\/uploads\/2024\/11\/454285682_122120420882366562_5810969704579607981_n-225x300.jpg 225w, https:\/\/www.ltsrent.pl\/wp-content\/uploads\/2024\/11\/454285682_122120420882366562_5810969704579607981_n-1152x1536.jpg 1152w, https:\/\/www.ltsrent.pl\/wp-content\/uploads\/2024\/11\/454285682_122120420882366562_5810969704579607981_n-600x800.jpg 600w, https:\/\/www.ltsrent.pl\/wp-content\/uploads\/2024\/11\/454285682_122120420882366562_5810969704579607981_n.jpg 1536w\" sizes=\"(max-width: 768px) 100vw, 768px\" \/><\/a><\/figure>\n\n\n\n<figure class=\"wp-block-image size-large\"><a href=\"https:\/\/www.ltsrent.pl\/index.php\/luxury-comfortable-residenceapartament-ul-lakowa-60c-132\/454565454_122120420684366562_3844957520675779914_n-3\/\" target=\"_blank\" rel=\"noopener\"><img decoding=\"async\" width=\"768\" height=\"1024\" data-id=\"6050\" src=\"https:\/\/www.ltsrent.pl\/wp-content\/uploads\/2024\/11\/454565454_122120420684366562_3844957520675779914_n-768x1024.jpg\" alt=\"\" class=\"wp-image-6050\" srcset=\"https:\/\/www.ltsrent.pl\/wp-content\/uploads\/2024\/11\/454565454_122120420684366562_3844957520675779914_n-768x1024.jpg 768w, https:\/\/www.ltsrent.pl\/wp-content\/uploads\/2024\/11\/454565454_122120420684366562_3844957520675779914_n-225x300.jpg 225w, https:\/\/www.ltsrent.pl\/wp-content\/uploads\/2024\/11\/454565454_122120420684366562_3844957520675779914_n-1152x1536.jpg 1152w, https:\/\/www.ltsrent.pl\/wp-content\/uploads\/2024\/11\/454565454_122120420684366562_3844957520675779914_n-600x800.jpg 600w, https:\/\/www.ltsrent.pl\/wp-content\/uploads\/2024\/11\/454565454_122120420684366562_3844957520675779914_n.jpg 1536w\" sizes=\"(max-width: 768px) 100vw, 768px\" \/><\/a><\/figure>\n\n\n\n<figure class=\"wp-block-image size-large\"><a href=\"https:\/\/www.ltsrent.pl\/index.php\/luxury-comfortable-residenceapartament-ul-lakowa-60c-132\/454320982_122120420912366562_1829532343261341979_n-1\/\" target=\"_blank\" rel=\"noopener\"><img loading=\"lazy\" decoding=\"async\" width=\"768\" height=\"1024\" data-id=\"6039\" src=\"https:\/\/www.ltsrent.pl\/wp-content\/uploads\/2024\/11\/454320982_122120420912366562_1829532343261341979_n-1-768x1024.jpg\" alt=\"\" class=\"wp-image-6039\" srcset=\"https:\/\/www.ltsrent.pl\/wp-content\/uploads\/2024\/11\/454320982_122120420912366562_1829532343261341979_n-1-768x1024.jpg 768w, https:\/\/www.ltsrent.pl\/wp-content\/uploads\/2024\/11\/454320982_122120420912366562_1829532343261341979_n-1-225x300.jpg 225w, https:\/\/www.ltsrent.pl\/wp-content\/uploads\/2024\/11\/454320982_122120420912366562_1829532343261341979_n-1-1152x1536.jpg 1152w, https:\/\/www.ltsrent.pl\/wp-content\/uploads\/2024\/11\/454320982_122120420912366562_1829532343261341979_n-1-600x800.jpg 600w, https:\/\/www.ltsrent.pl\/wp-content\/uploads\/2024\/11\/454320982_122120420912366562_1829532343261341979_n-1.jpg 1536w\" sizes=\"(max-width: 768px) 100vw, 768px\" \/><\/a><\/figure>\n\n\n\n<figure class=\"wp-block-image size-large\"><a href=\"https:\/\/www.ltsrent.pl\/index.php\/luxury-comfortable-residenceapartament-ul-lakowa-60c-132\/454397039_122120420000366562_7495226845479316179_n-1\/\" target=\"_blank\" rel=\"noopener\"><img loading=\"lazy\" decoding=\"async\" width=\"768\" height=\"1024\" data-id=\"6042\" src=\"https:\/\/www.ltsrent.pl\/wp-content\/uploads\/2024\/11\/454397039_122120420000366562_7495226845479316179_n-1-768x1024.jpg\" alt=\"\" class=\"wp-image-6042\" srcset=\"https:\/\/www.ltsrent.pl\/wp-content\/uploads\/2024\/11\/454397039_122120420000366562_7495226845479316179_n-1-768x1024.jpg 768w, https:\/\/www.ltsrent.pl\/wp-content\/uploads\/2024\/11\/454397039_122120420000366562_7495226845479316179_n-1-225x300.jpg 225w, https:\/\/www.ltsrent.pl\/wp-content\/uploads\/2024\/11\/454397039_122120420000366562_7495226845479316179_n-1-1152x1536.jpg 1152w, https:\/\/www.ltsrent.pl\/wp-content\/uploads\/2024\/11\/454397039_122120420000366562_7495226845479316179_n-1-600x800.jpg 600w, https:\/\/www.ltsrent.pl\/wp-content\/uploads\/2024\/11\/454397039_122120420000366562_7495226845479316179_n-1.jpg 1536w\" sizes=\"(max-width: 768px) 100vw, 768px\" \/><\/a><\/figure>\n\n\n\n<figure class=\"wp-block-image size-large\"><a href=\"https:\/\/www.ltsrent.pl\/index.php\/luxury-comfortable-residenceapartament-ul-lakowa-60c-132\/454452266_122120420828366562_1228770839460235844_n\/\" target=\"_blank\" rel=\"noopener\"><img loading=\"lazy\" decoding=\"async\" width=\"768\" height=\"1024\" data-id=\"6044\" src=\"https:\/\/www.ltsrent.pl\/wp-content\/uploads\/2024\/11\/454452266_122120420828366562_1228770839460235844_n-768x1024.jpg\" alt=\"\" class=\"wp-image-6044\" srcset=\"https:\/\/www.ltsrent.pl\/wp-content\/uploads\/2024\/11\/454452266_122120420828366562_1228770839460235844_n-768x1024.jpg 768w, https:\/\/www.ltsrent.pl\/wp-content\/uploads\/2024\/11\/454452266_122120420828366562_1228770839460235844_n-225x300.jpg 225w, https:\/\/www.ltsrent.pl\/wp-content\/uploads\/2024\/11\/454452266_122120420828366562_1228770839460235844_n-1152x1536.jpg 1152w, https:\/\/www.ltsrent.pl\/wp-content\/uploads\/2024\/11\/454452266_122120420828366562_1228770839460235844_n-600x800.jpg 600w, https:\/\/www.ltsrent.pl\/wp-content\/uploads\/2024\/11\/454452266_122120420828366562_1228770839460235844_n.jpg 1536w\" sizes=\"(max-width: 768px) 100vw, 768px\" \/><\/a><\/figure>\n\n\n\n<figure class=\"wp-block-image size-large\"><a href=\"https:\/\/www.ltsrent.pl\/index.php\/luxury-comfortable-residenceapartament-ul-lakowa-60c-132\/450970270_122120420858366562_4181665865961800495_n-2\/\" target=\"_blank\" rel=\"noopener\"><img loading=\"lazy\" decoding=\"async\" width=\"768\" height=\"1024\" data-id=\"6038\" src=\"https:\/\/www.ltsrent.pl\/wp-content\/uploads\/2024\/11\/450970270_122120420858366562_4181665865961800495_n-768x1024.jpg\" alt=\"\" class=\"wp-image-6038\" srcset=\"https:\/\/www.ltsrent.pl\/wp-content\/uploads\/2024\/11\/450970270_122120420858366562_4181665865961800495_n-768x1024.jpg 768w, https:\/\/www.ltsrent.pl\/wp-content\/uploads\/2024\/11\/450970270_122120420858366562_4181665865961800495_n-225x300.jpg 225w, https:\/\/www.ltsrent.pl\/wp-content\/uploads\/2024\/11\/450970270_122120420858366562_4181665865961800495_n-1152x1536.jpg 1152w, https:\/\/www.ltsrent.pl\/wp-content\/uploads\/2024\/11\/450970270_122120420858366562_4181665865961800495_n-600x800.jpg 600w, https:\/\/www.ltsrent.pl\/wp-content\/uploads\/2024\/11\/450970270_122120420858366562_4181665865961800495_n.jpg 1536w\" sizes=\"(max-width: 768px) 100vw, 768px\" \/><\/a><\/figure>\n\n\n\n<figure class=\"wp-block-image size-large\"><a href=\"https:\/\/www.ltsrent.pl\/index.php\/luxury-comfortable-residenceapartament-ul-lakowa-60c-132\/454378881_122120420900366562_5353554135602596508_n-2\/\" target=\"_blank\" rel=\"noopener\"><img loading=\"lazy\" decoding=\"async\" width=\"768\" height=\"1024\" data-id=\"6041\" src=\"https:\/\/www.ltsrent.pl\/wp-content\/uploads\/2024\/11\/454378881_122120420900366562_5353554135602596508_n-768x1024.jpg\" alt=\"\" class=\"wp-image-6041\" srcset=\"https:\/\/www.ltsrent.pl\/wp-content\/uploads\/2024\/11\/454378881_122120420900366562_5353554135602596508_n-768x1024.jpg 768w, https:\/\/www.ltsrent.pl\/wp-content\/uploads\/2024\/11\/454378881_122120420900366562_5353554135602596508_n-225x300.jpg 225w, https:\/\/www.ltsrent.pl\/wp-content\/uploads\/2024\/11\/454378881_122120420900366562_5353554135602596508_n-1152x1536.jpg 1152w, https:\/\/www.ltsrent.pl\/wp-content\/uploads\/2024\/11\/454378881_122120420900366562_5353554135602596508_n-600x800.jpg 600w, https:\/\/www.ltsrent.pl\/wp-content\/uploads\/2024\/11\/454378881_122120420900366562_5353554135602596508_n.jpg 1536w\" sizes=\"(max-width: 768px) 100vw, 768px\" \/><\/a><\/figure>\n\n\n\n<figure class=\"wp-block-image size-large\"><a href=\"https:\/\/www.ltsrent.pl\/index.php\/luxury-comfortable-residenceapartament-ul-lakowa-60c-132\/454346581_122120420924366562_2123972195279981968_n\/\" target=\"_blank\" rel=\"noopener\"><img loading=\"lazy\" decoding=\"async\" width=\"768\" height=\"1024\" data-id=\"6040\" src=\"https:\/\/www.ltsrent.pl\/wp-content\/uploads\/2024\/11\/454346581_122120420924366562_2123972195279981968_n-768x1024.jpg\" alt=\"\" class=\"wp-image-6040\" srcset=\"https:\/\/www.ltsrent.pl\/wp-content\/uploads\/2024\/11\/454346581_122120420924366562_2123972195279981968_n-768x1024.jpg 768w, https:\/\/www.ltsrent.pl\/wp-content\/uploads\/2024\/11\/454346581_122120420924366562_2123972195279981968_n-225x300.jpg 225w, https:\/\/www.ltsrent.pl\/wp-content\/uploads\/2024\/11\/454346581_122120420924366562_2123972195279981968_n-1152x1536.jpg 1152w, https:\/\/www.ltsrent.pl\/wp-content\/uploads\/2024\/11\/454346581_122120420924366562_2123972195279981968_n-600x800.jpg 600w, https:\/\/www.ltsrent.pl\/wp-content\/uploads\/2024\/11\/454346581_122120420924366562_2123972195279981968_n.jpg 1536w\" sizes=\"(max-width: 768px) 100vw, 768px\" \/><\/a><\/figure>\n\n\n\n<figure class=\"wp-block-image size-large\"><a href=\"https:\/\/www.ltsrent.pl\/index.php\/luxury-comfortable-residenceapartament-ul-lakowa-60c-132\/454661901_122120420738366562_6910131817888941641_n-2\/\" target=\"_blank\" rel=\"noopener\"><img loading=\"lazy\" decoding=\"async\" width=\"768\" height=\"1024\" data-id=\"6047\" src=\"https:\/\/www.ltsrent.pl\/wp-content\/uploads\/2024\/11\/454661901_122120420738366562_6910131817888941641_n-768x1024.jpg\" alt=\"\" class=\"wp-image-6047\" srcset=\"https:\/\/www.ltsrent.pl\/wp-content\/uploads\/2024\/11\/454661901_122120420738366562_6910131817888941641_n-768x1024.jpg 768w, https:\/\/www.ltsrent.pl\/wp-content\/uploads\/2024\/11\/454661901_122120420738366562_6910131817888941641_n-225x300.jpg 225w, https:\/\/www.ltsrent.pl\/wp-content\/uploads\/2024\/11\/454661901_122120420738366562_6910131817888941641_n-1152x1536.jpg 1152w, https:\/\/www.ltsrent.pl\/wp-content\/uploads\/2024\/11\/454661901_122120420738366562_6910131817888941641_n-600x800.jpg 600w, https:\/\/www.ltsrent.pl\/wp-content\/uploads\/2024\/11\/454661901_122120420738366562_6910131817888941641_n.jpg 1536w\" sizes=\"(max-width: 768px) 100vw, 768px\" \/><\/a><\/figure>\n\n\n\n<figure class=\"wp-block-image size-large\"><a href=\"https:\/\/www.ltsrent.pl\/index.php\/luxury-comfortable-residenceapartament-ul-lakowa-60c-132\/454378865_122120420774366562_2591017620362314788_n-2\/\" target=\"_blank\" rel=\"noopener\"><img loading=\"lazy\" decoding=\"async\" width=\"768\" height=\"1024\" data-id=\"6049\" src=\"https:\/\/www.ltsrent.pl\/wp-content\/uploads\/2024\/11\/454378865_122120420774366562_2591017620362314788_n-768x1024.jpg\" alt=\"\" class=\"wp-image-6049\" srcset=\"https:\/\/www.ltsrent.pl\/wp-content\/uploads\/2024\/11\/454378865_122120420774366562_2591017620362314788_n-768x1024.jpg 768w, https:\/\/www.ltsrent.pl\/wp-content\/uploads\/2024\/11\/454378865_122120420774366562_2591017620362314788_n-225x300.jpg 225w, https:\/\/www.ltsrent.pl\/wp-content\/uploads\/2024\/11\/454378865_122120420774366562_2591017620362314788_n-1152x1536.jpg 1152w, https:\/\/www.ltsrent.pl\/wp-content\/uploads\/2024\/11\/454378865_122120420774366562_2591017620362314788_n-600x800.jpg 600w, https:\/\/www.ltsrent.pl\/wp-content\/uploads\/2024\/11\/454378865_122120420774366562_2591017620362314788_n.jpg 1536w\" sizes=\"(max-width: 768px) 100vw, 768px\" \/><\/a><\/figure>\n\n\n\n<figure class=\"wp-block-image size-large\"><a href=\"https:\/\/www.ltsrent.pl\/index.php\/luxury-comfortable-residenceapartament-ul-lakowa-60c-132\/454433351_122120420798366562_787456586590834160_n-2\/\" target=\"_blank\" rel=\"noopener\"><img loading=\"lazy\" decoding=\"async\" width=\"768\" height=\"1024\" data-id=\"6051\" src=\"https:\/\/www.ltsrent.pl\/wp-content\/uploads\/2024\/11\/454433351_122120420798366562_787456586590834160_n-768x1024.jpg\" alt=\"\" class=\"wp-image-6051\" srcset=\"https:\/\/www.ltsrent.pl\/wp-content\/uploads\/2024\/11\/454433351_122120420798366562_787456586590834160_n-768x1024.jpg 768w, https:\/\/www.ltsrent.pl\/wp-content\/uploads\/2024\/11\/454433351_122120420798366562_787456586590834160_n-225x300.jpg 225w, https:\/\/www.ltsrent.pl\/wp-content\/uploads\/2024\/11\/454433351_122120420798366562_787456586590834160_n-1152x1536.jpg 1152w, https:\/\/www.ltsrent.pl\/wp-content\/uploads\/2024\/11\/454433351_122120420798366562_787456586590834160_n-600x800.jpg 600w, https:\/\/www.ltsrent.pl\/wp-content\/uploads\/2024\/11\/454433351_122120420798366562_787456586590834160_n.jpg 1536w\" sizes=\"(max-width: 768px) 100vw, 768px\" \/><\/a><\/figure>\n\n\n\n<figure class=\"wp-block-image size-large\"><a href=\"https:\/\/www.ltsrent.pl\/index.php\/luxury-comfortable-residenceapartament-ul-lakowa-60c-132\/454523417_122120420846366562_2669110055372774482_n-2\/\" target=\"_blank\" rel=\"noopener\"><img loading=\"lazy\" decoding=\"async\" width=\"768\" height=\"1024\" data-id=\"6046\" src=\"https:\/\/www.ltsrent.pl\/wp-content\/uploads\/2024\/11\/454523417_122120420846366562_2669110055372774482_n-768x1024.jpg\" alt=\"\" class=\"wp-image-6046\" srcset=\"https:\/\/www.ltsrent.pl\/wp-content\/uploads\/2024\/11\/454523417_122120420846366562_2669110055372774482_n-768x1024.jpg 768w, https:\/\/www.ltsrent.pl\/wp-content\/uploads\/2024\/11\/454523417_122120420846366562_2669110055372774482_n-225x300.jpg 225w, https:\/\/www.ltsrent.pl\/wp-content\/uploads\/2024\/11\/454523417_122120420846366562_2669110055372774482_n-1152x1536.jpg 1152w, https:\/\/www.ltsrent.pl\/wp-content\/uploads\/2024\/11\/454523417_122120420846366562_2669110055372774482_n-600x800.jpg 600w, https:\/\/www.ltsrent.pl\/wp-content\/uploads\/2024\/11\/454523417_122120420846366562_2669110055372774482_n.jpg 1536w\" sizes=\"(max-width: 768px) 100vw, 768px\" \/><\/a><\/figure>\n\n\n\n<figure class=\"wp-block-image size-large\"><a href=\"https:\/\/www.ltsrent.pl\/index.php\/luxury-comfortable-residenceapartament-ul-lakowa-60c-132\/454285325_122120420816366562_7237017606920115343_n\/\" target=\"_blank\" rel=\"noopener\"><img loading=\"lazy\" decoding=\"async\" width=\"768\" height=\"1024\" data-id=\"6048\" src=\"https:\/\/www.ltsrent.pl\/wp-content\/uploads\/2024\/11\/454285325_122120420816366562_7237017606920115343_n-768x1024.jpg\" alt=\"\" class=\"wp-image-6048\" srcset=\"https:\/\/www.ltsrent.pl\/wp-content\/uploads\/2024\/11\/454285325_122120420816366562_7237017606920115343_n-768x1024.jpg 768w, https:\/\/www.ltsrent.pl\/wp-content\/uploads\/2024\/11\/454285325_122120420816366562_7237017606920115343_n-225x300.jpg 225w, https:\/\/www.ltsrent.pl\/wp-content\/uploads\/2024\/11\/454285325_122120420816366562_7237017606920115343_n-1152x1536.jpg 1152w, https:\/\/www.ltsrent.pl\/wp-content\/uploads\/2024\/11\/454285325_122120420816366562_7237017606920115343_n-600x800.jpg 600w, https:\/\/www.ltsrent.pl\/wp-content\/uploads\/2024\/11\/454285325_122120420816366562_7237017606920115343_n.jpg 1536w\" sizes=\"(max-width: 768px) 100vw, 768px\" \/><\/a><\/figure>\n<\/figure>\n","protected":false},"excerpt":{"rendered":"<p>Obiekt znajduje si\u0119 w centrum Gda\u0144ska przy samej Star\u00f3wce \u25ca&nbsp; &nbsp;Skierowany dla par oraz grupy do 4 os\u00f3b. \u25ca&nbsp; &nbsp;Prywatny podziemny parking. \u25ca&nbsp; &nbsp;Sypialnia oraz salon z rozk\u0142adan\u0105 sof\u0105. \u25ca&nbsp; &nbsp;Klimatyzacja. \u25ca&nbsp; &nbsp;R\u0119czniki oraz kosmetyki do u\u017cytku przez Go\u015bci. \u25ca&nbsp; &nbsp;Kawa, herbata, woda. \u25ca&nbsp; &nbsp;Aneks kuchenny wraz z ca\u0142ym wyposa\u017ceniem w tym ekspres do kawy, czajnik, toster.\u25ca&nbsp; &nbsp;Wiele atrakcji w pobli\u017cu: Fontanna Neptuna, Centralne Muzeum Morskie, Brama Zielona, D\u0142ugie Pobrze\u017ce, Polska Filharmonia Ba\u0142tycka.Pragniemy by Nasi Go\u015bcie czuli si\u0119 wyj\u0105tkowo. Zadbamy o Tw\u00f3j niezapomniany wypoczynek, zapraszamy do skorzystania z us\u0142ug.<\/p>\n","protected":false},"author":1,"featured_media":0,"parent":0,"menu_order":0,"comment_status":"closed","ping_status":"closed","template":"","meta":{"footnotes":""},"class_list":["post-5682","page","type-page","status-publish","hentry"],"_links":{"self":[{"href":"https:\/\/www.ltsrent.pl\/index.php\/wp-json\/wp\/v2\/pages\/5682","targetHints":{"allow":["GET"]}}],"collection":[{"href":"https:\/\/www.ltsrent.pl\/index.php\/wp-json\/wp\/v2\/pages"}],"about":[{"href":"https:\/\/www.ltsrent.pl\/index.php\/wp-json\/wp\/v2\/types\/page"}],"author":[{"embeddable":true,"href":"https:\/\/www.ltsrent.pl\/index.php\/wp-json\/wp\/v2\/users\/1"}],"replies":[{"embeddable":true,"href":"https:\/\/www.ltsrent.pl\/index.php\/wp-json\/wp\/v2\/comments?post=5682"}],"version-history":[{"count":20,"href":"https:\/\/www.ltsrent.pl\/index.php\/wp-json\/wp\/v2\/pages\/5682\/revisions"}],"predecessor-version":[{"id":6053,"href":"https:\/\/www.ltsrent.pl\/index.php\/wp-json\/wp\/v2\/pages\/5682\/revisions\/6053"}],"wp:attachment":[{"href":"https:\/\/www.ltsrent.pl\/index.php\/wp-json\/wp\/v2\/media?parent=5682"}],"curies":[{"name":"wp","href":"https:\/\/api.w.org\/{rel}","templated":true}]}}