{"id":5713,"date":"2024-11-22T10:11:56","date_gmt":"2024-11-22T10:11:56","guid":{"rendered":"https:\/\/www.ltsrent.pl\/?page_id=5713"},"modified":"2024-12-03T15:21:51","modified_gmt":"2024-12-03T15:21:51","slug":"luxury-comfortable-residence-letnica-apartamenty-ul-letnicka-1h-104","status":"publish","type":"page","link":"https:\/\/www.ltsrent.pl\/index.php\/luxury-comfortable-residence-letnica-apartamenty-ul-letnicka-1h-104\/","title":{"rendered":"Luxury &amp; Comfortable Residence Letnica Apartamenty ul. Letnicka 1h\/104"},"content":{"rendered":"\n<div style=\"height:100px\" aria-hidden=\"true\" class=\"wp-block-spacer\"><\/div>\n\n\n\n<div class=\"wp-block-group is-layout-constrained wp-container-core-group-is-layout-7bcabc6a wp-block-group-is-layout-constrained\" style=\"margin-top:0;margin-bottom:0;padding-right:0;padding-left:0\">\n<div class=\"wp-block-group is-layout-constrained wp-block-group-is-layout-constrained\">\n<div class=\"wp-block-group is-layout-constrained wp-container-core-group-is-layout-ff778368 wp-block-group-is-layout-constrained\" style=\"padding-right:var(--wp--preset--spacing--30);padding-left:var(--wp--preset--spacing--30)\">\n<h2 class=\"wp-block-heading has-text-color has-link-color wp-elements-5400daeba6473b81cbbe01dd8514b56e\" style=\"color:#033b61;font-size:28px\"><strong>Obiekt znajduje si\u0119 w dzielnicy Gda\u0144sk Letnica.<\/strong><\/h2>\n\n\n\n<div style=\"height:30px\" aria-hidden=\"true\" class=\"wp-block-spacer\"><\/div>\n\n\n\n<p class=\"has-text-color has-link-color wp-elements-51773ad099f2dc062447436638b2b202\" style=\"color:#033b61;font-size:19px;font-style:normal;font-weight:400\"><em>\u25ca\u00a0 \u00a0<\/em>Skierowany g\u0142\u00f3wnie dla rodzin lub wi\u0119kszej grupy do 7 os\u00f3b.<\/p>\n\n\n\n<p class=\"has-text-color has-link-color wp-elements-cf6ad69507535647d4da28ba82f02521\" style=\"color:#033b61;font-size:19px;font-style:normal;font-weight:400\"><em>\u25ca&nbsp; &nbsp;<\/em>Prywatny parking.<\/p>\n\n\n\n<p class=\"has-text-color has-link-color wp-elements-15b482dd528e0a5f7bfcec2425bb11c0\" style=\"color:#033b61;font-size:19px;font-style:normal;font-weight:400\"><em>\u25ca&nbsp; &nbsp;<\/em>Sypialnia z dwoma \u0142\u00f3\u017ckami oraz salon z rozk\u0142adan\u0105 sof\u0105.<\/p>\n\n\n\n<p class=\"has-text-color has-link-color wp-elements-8627c0ddf6363cf43d6c050f11a912c4\" style=\"color:#033b61;font-size:19px;font-style:normal;font-weight:400\"><em>\u25ca&nbsp; &nbsp;<\/em>Klimatyzacja.<\/p>\n\n\n\n<p class=\"has-text-color has-link-color wp-elements-5cb63de1b9cfbd9aa734ddba6386109a\" style=\"color:#033b61;font-size:19px;font-style:normal;font-weight:400\"><em>\u25ca&nbsp; &nbsp;<\/em>R\u0119czniki oraz kosmetyki do u\u017cytku przez Go\u015bci.<\/p>\n\n\n\n<p class=\"has-text-color has-link-color wp-elements-80e77562b013d0e4f787521b4517f107\" style=\"color:#033b61;font-size:19px;font-style:normal;font-weight:400\"><em>\u25ca&nbsp; &nbsp;<\/em>Kawa, herbata, woda.<\/p>\n\n\n\n<p class=\"has-text-color has-link-color wp-elements-b4528362f523b6a9f59e40700f8ce7a2\" style=\"color:#033b61;font-size:19px;font-style:normal;font-weight:400\"><em>\u25ca&nbsp; &nbsp;<\/em>Aneks kuchenny wraz z ca\u0142ym wyposa\u017ceniem (w tym ekspres do kawy, czajnik, toster, air fryer).<\/p>\n\n\n\n<p class=\"has-text-color has-link-color wp-elements-e3fccaa417b9e797f9ccdc3044811bdf\" style=\"color:#033b61;font-size:19px;font-style:normal;font-weight:400\"><em>\u25ca&nbsp; &nbsp;<\/em>W pobli\u017cu liczne atrakcje, takie jak Pla\u017ca Brze\u017ano 10-15 minut spacerem, Latarnia Morska Nowy Port, a tak\u017ce Stadion Energa Gda\u0144sk. Zadbamy o Tw\u00f3j niezapomniany wypoczynek, zapraszamy do skorzystania z us\u0142ug.<\/p>\n<\/div>\n<\/div>\n\n\n\n<div style=\"height:100px\" aria-hidden=\"true\" class=\"wp-block-spacer\"><\/div>\n<\/div>\n\n\n\n<figure class=\"wp-block-gallery has-nested-images columns-4 is-cropped wp-block-gallery-1 is-layout-flex wp-block-gallery-is-layout-flex\">\n<figure class=\"wp-block-image size-full has-custom-border\"><a href=\"https:\/\/www.ltsrent.pl\/index.php\/luxury-comfortable-residence-letnica-apartamenty-ul-letnicka-1h-16-letnicka-1h-104\/454817451_122121660470366562_7594926518570417530_n-7\/\" target=\"_blank\" rel=\"noopener\"><img fetchpriority=\"high\" decoding=\"async\" width=\"1536\" height=\"2048\" data-id=\"5709\" src=\"https:\/\/www.ltsrent.pl\/wp-content\/uploads\/2024\/11\/454817451_122121660470366562_7594926518570417530_n.jpg\" alt=\"\" class=\"has-border-color has-intrace-accent-border-color wp-image-5709\" srcset=\"https:\/\/www.ltsrent.pl\/wp-content\/uploads\/2024\/11\/454817451_122121660470366562_7594926518570417530_n.jpg 1536w, https:\/\/www.ltsrent.pl\/wp-content\/uploads\/2024\/11\/454817451_122121660470366562_7594926518570417530_n-225x300.jpg 225w, https:\/\/www.ltsrent.pl\/wp-content\/uploads\/2024\/11\/454817451_122121660470366562_7594926518570417530_n-768x1024.jpg 768w, https:\/\/www.ltsrent.pl\/wp-content\/uploads\/2024\/11\/454817451_122121660470366562_7594926518570417530_n-1152x1536.jpg 1152w, https:\/\/www.ltsrent.pl\/wp-content\/uploads\/2024\/11\/454817451_122121660470366562_7594926518570417530_n-600x800.jpg 600w\" sizes=\"(max-width: 1536px) 100vw, 1536px\" \/><\/a><\/figure>\n\n\n\n<figure class=\"wp-block-image size-full has-custom-border\"><a href=\"https:\/\/www.ltsrent.pl\/index.php\/luxury-comfortable-residence-letnica-apartamenty-ul-letnicka-1h-16-letnicka-1h-104\/462558793_877036391166199_6659142401703879824_n\/\" target=\"_blank\" rel=\"noopener\"><img decoding=\"async\" width=\"720\" height=\"960\" data-id=\"5696\" src=\"https:\/\/www.ltsrent.pl\/wp-content\/uploads\/2024\/11\/462558793_877036391166199_6659142401703879824_n.jpg\" alt=\"\" class=\"has-border-color has-intrace-accent-border-color wp-image-5696\" srcset=\"https:\/\/www.ltsrent.pl\/wp-content\/uploads\/2024\/11\/462558793_877036391166199_6659142401703879824_n.jpg 720w, https:\/\/www.ltsrent.pl\/wp-content\/uploads\/2024\/11\/462558793_877036391166199_6659142401703879824_n-225x300.jpg 225w, https:\/\/www.ltsrent.pl\/wp-content\/uploads\/2024\/11\/462558793_877036391166199_6659142401703879824_n-600x800.jpg 600w\" sizes=\"(max-width: 720px) 100vw, 720px\" \/><\/a><\/figure>\n\n\n\n<figure class=\"wp-block-image size-full has-custom-border\"><a href=\"https:\/\/www.ltsrent.pl\/index.php\/luxury-comfortable-residence-letnica-apartamenty-ul-letnicka-1h-16-letnicka-1h-104\/462550357_858551006148921_3842624884296276624_n\/\" target=\"_blank\" rel=\"noopener\"><img decoding=\"async\" width=\"720\" height=\"960\" data-id=\"5695\" src=\"https:\/\/www.ltsrent.pl\/wp-content\/uploads\/2024\/11\/462550357_858551006148921_3842624884296276624_n.jpg\" alt=\"\" class=\"has-border-color has-intrace-accent-border-color wp-image-5695\" srcset=\"https:\/\/www.ltsrent.pl\/wp-content\/uploads\/2024\/11\/462550357_858551006148921_3842624884296276624_n.jpg 720w, https:\/\/www.ltsrent.pl\/wp-content\/uploads\/2024\/11\/462550357_858551006148921_3842624884296276624_n-225x300.jpg 225w, https:\/\/www.ltsrent.pl\/wp-content\/uploads\/2024\/11\/462550357_858551006148921_3842624884296276624_n-600x800.jpg 600w\" sizes=\"(max-width: 720px) 100vw, 720px\" \/><\/a><\/figure>\n\n\n\n<figure class=\"wp-block-image size-full has-custom-border\"><a href=\"https:\/\/www.ltsrent.pl\/index.php\/luxury-comfortable-residence-letnica-apartamenty-ul-letnicka-1h-16-letnicka-1h-104\/455246769_122121660434366562_5645355884482276411_n-4\/\" target=\"_blank\" rel=\"noopener\"><img loading=\"lazy\" decoding=\"async\" width=\"1536\" height=\"2048\" data-id=\"5707\" src=\"https:\/\/www.ltsrent.pl\/wp-content\/uploads\/2024\/11\/455246769_122121660434366562_5645355884482276411_n.jpg\" alt=\"\" class=\"has-border-color has-intrace-accent-border-color wp-image-5707\" srcset=\"https:\/\/www.ltsrent.pl\/wp-content\/uploads\/2024\/11\/455246769_122121660434366562_5645355884482276411_n.jpg 1536w, https:\/\/www.ltsrent.pl\/wp-content\/uploads\/2024\/11\/455246769_122121660434366562_5645355884482276411_n-225x300.jpg 225w, https:\/\/www.ltsrent.pl\/wp-content\/uploads\/2024\/11\/455246769_122121660434366562_5645355884482276411_n-768x1024.jpg 768w, https:\/\/www.ltsrent.pl\/wp-content\/uploads\/2024\/11\/455246769_122121660434366562_5645355884482276411_n-1152x1536.jpg 1152w, https:\/\/www.ltsrent.pl\/wp-content\/uploads\/2024\/11\/455246769_122121660434366562_5645355884482276411_n-600x800.jpg 600w\" sizes=\"(max-width: 1536px) 100vw, 1536px\" \/><\/a><\/figure>\n\n\n\n<figure class=\"wp-block-image size-full has-custom-border\"><a href=\"https:\/\/www.ltsrent.pl\/index.php\/luxury-comfortable-residence-letnica-apartamenty-ul-letnicka-1h-16-letnicka-1h-104\/454835993_122121660446366562_5620412523542132115_n-4\/\" target=\"_blank\" rel=\"noopener\"><img loading=\"lazy\" decoding=\"async\" width=\"1536\" height=\"2048\" data-id=\"5708\" src=\"https:\/\/www.ltsrent.pl\/wp-content\/uploads\/2024\/11\/454835993_122121660446366562_5620412523542132115_n.jpg\" alt=\"\" class=\"has-border-color has-intrace-accent-border-color wp-image-5708\" srcset=\"https:\/\/www.ltsrent.pl\/wp-content\/uploads\/2024\/11\/454835993_122121660446366562_5620412523542132115_n.jpg 1536w, https:\/\/www.ltsrent.pl\/wp-content\/uploads\/2024\/11\/454835993_122121660446366562_5620412523542132115_n-225x300.jpg 225w, https:\/\/www.ltsrent.pl\/wp-content\/uploads\/2024\/11\/454835993_122121660446366562_5620412523542132115_n-768x1024.jpg 768w, https:\/\/www.ltsrent.pl\/wp-content\/uploads\/2024\/11\/454835993_122121660446366562_5620412523542132115_n-1152x1536.jpg 1152w, https:\/\/www.ltsrent.pl\/wp-content\/uploads\/2024\/11\/454835993_122121660446366562_5620412523542132115_n-600x800.jpg 600w\" sizes=\"(max-width: 1536px) 100vw, 1536px\" \/><\/a><\/figure>\n\n\n\n<figure class=\"wp-block-image size-full has-custom-border\"><a href=\"https:\/\/www.ltsrent.pl\/index.php\/luxury-comfortable-residence-letnica-apartamenty-ul-letnicka-1h-16-letnicka-1h-104\/454873954_122121660026366562_6613444822589380688_n-4\/\" target=\"_blank\" rel=\"noopener\"><img loading=\"lazy\" decoding=\"async\" width=\"1536\" height=\"2048\" data-id=\"5705\" src=\"https:\/\/www.ltsrent.pl\/wp-content\/uploads\/2024\/11\/454873954_122121660026366562_6613444822589380688_n.jpg\" alt=\"\" class=\"has-border-color has-intrace-accent-border-color wp-image-5705\" srcset=\"https:\/\/www.ltsrent.pl\/wp-content\/uploads\/2024\/11\/454873954_122121660026366562_6613444822589380688_n.jpg 1536w, https:\/\/www.ltsrent.pl\/wp-content\/uploads\/2024\/11\/454873954_122121660026366562_6613444822589380688_n-225x300.jpg 225w, https:\/\/www.ltsrent.pl\/wp-content\/uploads\/2024\/11\/454873954_122121660026366562_6613444822589380688_n-768x1024.jpg 768w, https:\/\/www.ltsrent.pl\/wp-content\/uploads\/2024\/11\/454873954_122121660026366562_6613444822589380688_n-1152x1536.jpg 1152w, https:\/\/www.ltsrent.pl\/wp-content\/uploads\/2024\/11\/454873954_122121660026366562_6613444822589380688_n-600x800.jpg 600w\" sizes=\"(max-width: 1536px) 100vw, 1536px\" \/><\/a><\/figure>\n\n\n\n<figure class=\"wp-block-image size-full has-custom-border\"><a href=\"https:\/\/www.ltsrent.pl\/index.php\/luxury-comfortable-residence-letnica-apartamenty-ul-letnicka-1h-16-letnicka-1h-104\/455029604_122121660158366562_8642866447899649351_n-4\/\" target=\"_blank\" rel=\"noopener\"><img loading=\"lazy\" decoding=\"async\" width=\"1536\" height=\"2048\" data-id=\"5704\" src=\"https:\/\/www.ltsrent.pl\/wp-content\/uploads\/2024\/11\/455029604_122121660158366562_8642866447899649351_n.jpg\" alt=\"\" class=\"has-border-color has-intrace-accent-border-color wp-image-5704\" srcset=\"https:\/\/www.ltsrent.pl\/wp-content\/uploads\/2024\/11\/455029604_122121660158366562_8642866447899649351_n.jpg 1536w, https:\/\/www.ltsrent.pl\/wp-content\/uploads\/2024\/11\/455029604_122121660158366562_8642866447899649351_n-225x300.jpg 225w, https:\/\/www.ltsrent.pl\/wp-content\/uploads\/2024\/11\/455029604_122121660158366562_8642866447899649351_n-768x1024.jpg 768w, https:\/\/www.ltsrent.pl\/wp-content\/uploads\/2024\/11\/455029604_122121660158366562_8642866447899649351_n-1152x1536.jpg 1152w, https:\/\/www.ltsrent.pl\/wp-content\/uploads\/2024\/11\/455029604_122121660158366562_8642866447899649351_n-600x800.jpg 600w\" sizes=\"(max-width: 1536px) 100vw, 1536px\" \/><\/a><\/figure>\n\n\n\n<figure class=\"wp-block-image size-full has-custom-border\"><a href=\"https:\/\/www.ltsrent.pl\/index.php\/luxury-comfortable-residence-letnica-apartamenty-ul-letnicka-1h-16-letnicka-1h-104\/454991865_122121660458366562_2652145500027567880_n-4\/\" target=\"_blank\" rel=\"noopener\"><img loading=\"lazy\" decoding=\"async\" width=\"1536\" height=\"2048\" data-id=\"5697\" src=\"https:\/\/www.ltsrent.pl\/wp-content\/uploads\/2024\/11\/454991865_122121660458366562_2652145500027567880_n.jpg\" alt=\"\" class=\"has-border-color has-intrace-accent-border-color wp-image-5697\" srcset=\"https:\/\/www.ltsrent.pl\/wp-content\/uploads\/2024\/11\/454991865_122121660458366562_2652145500027567880_n.jpg 1536w, https:\/\/www.ltsrent.pl\/wp-content\/uploads\/2024\/11\/454991865_122121660458366562_2652145500027567880_n-225x300.jpg 225w, https:\/\/www.ltsrent.pl\/wp-content\/uploads\/2024\/11\/454991865_122121660458366562_2652145500027567880_n-768x1024.jpg 768w, https:\/\/www.ltsrent.pl\/wp-content\/uploads\/2024\/11\/454991865_122121660458366562_2652145500027567880_n-1152x1536.jpg 1152w, https:\/\/www.ltsrent.pl\/wp-content\/uploads\/2024\/11\/454991865_122121660458366562_2652145500027567880_n-600x800.jpg 600w\" sizes=\"(max-width: 1536px) 100vw, 1536px\" \/><\/a><\/figure>\n\n\n\n<figure class=\"wp-block-image size-full\"><a href=\"https:\/\/www.ltsrent.pl\/index.php\/luxury-comfortable-residence-letnica-apartamenty-ul-letnicka-1h-16-letnicka-1h-104\/454992606_122121660110366562_6371738246903954017_n-4\/\" target=\"_blank\" rel=\"noopener\"><img loading=\"lazy\" decoding=\"async\" width=\"1536\" height=\"2048\" data-id=\"5703\" src=\"https:\/\/www.ltsrent.pl\/wp-content\/uploads\/2024\/11\/454992606_122121660110366562_6371738246903954017_n.jpg\" alt=\"\" class=\"wp-image-5703\" srcset=\"https:\/\/www.ltsrent.pl\/wp-content\/uploads\/2024\/11\/454992606_122121660110366562_6371738246903954017_n.jpg 1536w, https:\/\/www.ltsrent.pl\/wp-content\/uploads\/2024\/11\/454992606_122121660110366562_6371738246903954017_n-225x300.jpg 225w, https:\/\/www.ltsrent.pl\/wp-content\/uploads\/2024\/11\/454992606_122121660110366562_6371738246903954017_n-768x1024.jpg 768w, https:\/\/www.ltsrent.pl\/wp-content\/uploads\/2024\/11\/454992606_122121660110366562_6371738246903954017_n-1152x1536.jpg 1152w, https:\/\/www.ltsrent.pl\/wp-content\/uploads\/2024\/11\/454992606_122121660110366562_6371738246903954017_n-600x800.jpg 600w\" sizes=\"(max-width: 1536px) 100vw, 1536px\" \/><\/a><\/figure>\n\n\n\n<figure class=\"wp-block-image size-full has-custom-border\"><a href=\"https:\/\/www.ltsrent.pl\/index.php\/luxury-comfortable-residence-letnica-apartamenty-ul-letnicka-1h-16-letnicka-1h-104\/455052321_122121660524366562_3674559031221419593_n-4\/\" target=\"_blank\" rel=\"noopener\"><img loading=\"lazy\" decoding=\"async\" width=\"1536\" height=\"2048\" data-id=\"5702\" src=\"https:\/\/www.ltsrent.pl\/wp-content\/uploads\/2024\/11\/455052321_122121660524366562_3674559031221419593_n.jpg\" alt=\"\" class=\"has-border-color has-intrace-accent-border-color wp-image-5702\" srcset=\"https:\/\/www.ltsrent.pl\/wp-content\/uploads\/2024\/11\/455052321_122121660524366562_3674559031221419593_n.jpg 1536w, https:\/\/www.ltsrent.pl\/wp-content\/uploads\/2024\/11\/455052321_122121660524366562_3674559031221419593_n-225x300.jpg 225w, https:\/\/www.ltsrent.pl\/wp-content\/uploads\/2024\/11\/455052321_122121660524366562_3674559031221419593_n-768x1024.jpg 768w, https:\/\/www.ltsrent.pl\/wp-content\/uploads\/2024\/11\/455052321_122121660524366562_3674559031221419593_n-1152x1536.jpg 1152w, https:\/\/www.ltsrent.pl\/wp-content\/uploads\/2024\/11\/455052321_122121660524366562_3674559031221419593_n-600x800.jpg 600w\" sizes=\"(max-width: 1536px) 100vw, 1536px\" \/><\/a><\/figure>\n\n\n\n<figure class=\"wp-block-image size-full has-custom-border\"><a href=\"https:\/\/www.ltsrent.pl\/index.php\/luxury-comfortable-residence-letnica-apartamenty-ul-letnicka-1h-16-letnicka-1h-104\/454820009_122121660536366562_9092758256574819421_n-4\/\" target=\"_blank\" rel=\"noopener\"><img loading=\"lazy\" decoding=\"async\" width=\"1536\" height=\"2048\" data-id=\"5701\" src=\"https:\/\/www.ltsrent.pl\/wp-content\/uploads\/2024\/11\/454820009_122121660536366562_9092758256574819421_n.jpg\" alt=\"\" class=\"has-border-color has-intrace-accent-border-color wp-image-5701\" srcset=\"https:\/\/www.ltsrent.pl\/wp-content\/uploads\/2024\/11\/454820009_122121660536366562_9092758256574819421_n.jpg 1536w, https:\/\/www.ltsrent.pl\/wp-content\/uploads\/2024\/11\/454820009_122121660536366562_9092758256574819421_n-225x300.jpg 225w, https:\/\/www.ltsrent.pl\/wp-content\/uploads\/2024\/11\/454820009_122121660536366562_9092758256574819421_n-768x1024.jpg 768w, https:\/\/www.ltsrent.pl\/wp-content\/uploads\/2024\/11\/454820009_122121660536366562_9092758256574819421_n-1152x1536.jpg 1152w, https:\/\/www.ltsrent.pl\/wp-content\/uploads\/2024\/11\/454820009_122121660536366562_9092758256574819421_n-600x800.jpg 600w\" sizes=\"(max-width: 1536px) 100vw, 1536px\" \/><\/a><\/figure>\n\n\n\n<figure class=\"wp-block-image size-full has-custom-border\"><a href=\"https:\/\/www.ltsrent.pl\/index.php\/luxury-comfortable-residence-letnica-apartamenty-ul-letnicka-1h-16-letnicka-1h-104\/462553562_3727939820802852_7510016419393620744_n\/\" target=\"_blank\" rel=\"noopener\"><img loading=\"lazy\" decoding=\"async\" width=\"720\" height=\"960\" data-id=\"5699\" src=\"https:\/\/www.ltsrent.pl\/wp-content\/uploads\/2024\/11\/462553562_3727939820802852_7510016419393620744_n.jpg\" alt=\"\" class=\"has-border-color has-intrace-accent-border-color wp-image-5699\" srcset=\"https:\/\/www.ltsrent.pl\/wp-content\/uploads\/2024\/11\/462553562_3727939820802852_7510016419393620744_n.jpg 720w, https:\/\/www.ltsrent.pl\/wp-content\/uploads\/2024\/11\/462553562_3727939820802852_7510016419393620744_n-225x300.jpg 225w, https:\/\/www.ltsrent.pl\/wp-content\/uploads\/2024\/11\/462553562_3727939820802852_7510016419393620744_n-600x800.jpg 600w\" sizes=\"(max-width: 720px) 100vw, 720px\" \/><\/a><\/figure>\n<\/figure>\n\n\n\n<h2 class=\"wp-block-heading\"><\/h2>\n","protected":false},"excerpt":{"rendered":"<p>Obiekt znajduje si\u0119 w dzielnicy Gda\u0144sk Letnica. \u25ca\u00a0 \u00a0Skierowany g\u0142\u00f3wnie dla rodzin lub wi\u0119kszej grupy do 7 os\u00f3b. \u25ca&nbsp; &nbsp;Prywatny parking. \u25ca&nbsp; &nbsp;Sypialnia z dwoma \u0142\u00f3\u017ckami oraz salon z rozk\u0142adan\u0105 sof\u0105. \u25ca&nbsp; &nbsp;Klimatyzacja. \u25ca&nbsp; &nbsp;R\u0119czniki oraz kosmetyki do u\u017cytku przez Go\u015bci. \u25ca&nbsp; &nbsp;Kawa, herbata, woda. \u25ca&nbsp; &nbsp;Aneks kuchenny wraz z ca\u0142ym wyposa\u017ceniem (w tym ekspres do kawy, czajnik, toster, air fryer). \u25ca&nbsp; &nbsp;W pobli\u017cu liczne atrakcje, takie jak Pla\u017ca Brze\u017ano 10-15 minut spacerem, Latarnia Morska Nowy Port, a tak\u017ce Stadion Energa Gda\u0144sk. Zadbamy o Tw\u00f3j niezapomniany wypoczynek, zapraszamy do skorzystania z us\u0142ug.<\/p>\n","protected":false},"author":1,"featured_media":0,"parent":0,"menu_order":0,"comment_status":"closed","ping_status":"closed","template":"","meta":{"footnotes":""},"class_list":["post-5713","page","type-page","status-publish","hentry"],"_links":{"self":[{"href":"https:\/\/www.ltsrent.pl\/index.php\/wp-json\/wp\/v2\/pages\/5713","targetHints":{"allow":["GET"]}}],"collection":[{"href":"https:\/\/www.ltsrent.pl\/index.php\/wp-json\/wp\/v2\/pages"}],"about":[{"href":"https:\/\/www.ltsrent.pl\/index.php\/wp-json\/wp\/v2\/types\/page"}],"author":[{"embeddable":true,"href":"https:\/\/www.ltsrent.pl\/index.php\/wp-json\/wp\/v2\/users\/1"}],"replies":[{"embeddable":true,"href":"https:\/\/www.ltsrent.pl\/index.php\/wp-json\/wp\/v2\/comments?post=5713"}],"version-history":[{"count":20,"href":"https:\/\/www.ltsrent.pl\/index.php\/wp-json\/wp\/v2\/pages\/5713\/revisions"}],"predecessor-version":[{"id":6193,"href":"https:\/\/www.ltsrent.pl\/index.php\/wp-json\/wp\/v2\/pages\/5713\/revisions\/6193"}],"wp:attachment":[{"href":"https:\/\/www.ltsrent.pl\/index.php\/wp-json\/wp\/v2\/media?parent=5713"}],"curies":[{"name":"wp","href":"https:\/\/api.w.org\/{rel}","templated":true}]}}